{"id":30690,"date":"2023-05-26T18:15:58","date_gmt":"2023-05-26T16:15:58","guid":{"rendered":"https:\/\/kevrox.com\/cookie-policy\/"},"modified":"2025-09-17T09:50:19","modified_gmt":"2025-09-17T07:50:19","slug":"politique-relative-aux-cookies","status":"publish","type":"page","link":"https:\/\/kevrox.com\/en\/politique-relative-aux-cookies\/","title":{"rendered":"Politique relative aux cookies"},"content":{"rendered":"<p>[et_pb_section fb_built=&#8221;1&#8243; admin_label=&#8221;section&#8221; _builder_version=&#8221;4.16&#8243; global_colors_info=&#8221;{}&#8221;][et_pb_row admin_label=&#8221;row&#8221; _builder_version=&#8221;4.21.0&#8243; background_size=&#8221;initial&#8221; background_position=&#8221;top_left&#8221; background_repeat=&#8221;repeat&#8221; custom_padding=&#8221;0px||||false|false&#8221; global_colors_info=&#8221;{}&#8221;][et_pb_column type=&#8221;4_4&#8243; _builder_version=&#8221;4.16&#8243; custom_padding=&#8221;|||&#8221; global_colors_info=&#8221;{}&#8221; custom_padding__hover=&#8221;|||&#8221;][et_pb_text admin_label=&#8221;Text&#8221; _builder_version=&#8221;4.27.4&#8243; header_2_text_align=&#8221;center&#8221; background_size=&#8221;initial&#8221; background_position=&#8221;top_left&#8221; background_repeat=&#8221;repeat&#8221; hover_enabled=&#8221;0&#8243; global_colors_info=&#8221;{}&#8221; sticky_enabled=&#8221;0&#8243;]<\/p>\n<p>&nbsp;<\/p>\n<h2 class=\"section-title\" style=\"text-align: left;\">1. Utilisation des cookies<\/h2>\n<p>Veuillez consulter notre d\u00e9claration sur les cookies pour savoir comment ajuster vos param\u00e8tres de cookies et pour des informations d\u00e9taill\u00e9es sur les cookies que nous utilisons et ce que nous en faisons.<\/p>\n<h2 class=\"section-title\" style=\"text-align: left;\">2. Consents<\/h2>\n<p>2.1 Vous trouverez \u00e0 la section 2.2 le texte exact de votre consentement \u00e0 la protection des donn\u00e9es, dans la mesure o\u00f9 vous avez donn\u00e9 votre consentement.<\/p>\n<p>2.2 Oui, je confirme avoir lu et compris votre politique de confidentialit\u00e9 et donner mon consentement explicite \u00e0 ce que mes donn\u00e9es personnelles transmises \u00e0 KEVROX soient trait\u00e9es par elle dans le cadre exclusif de ma demande d&#8217;abonnement. Je sais que je peux r\u00e9voquer mon consentement \u00e0 tout moment avec effet imm\u00e9diat pour l&#8217;avenir par e-mail \u00e0 <a href=\"mailto:info@kevrox.com\" target=\"_blank\" rel=\"noopener\"><span>info@kevrox.com<\/span><\/a>.<\/p>\n<h2 class=\"section-title\" style=\"text-align: left;\">3. R\u00e9f\u00e9rences aux liens externes<\/h2>\n<p>3.1 Les sites web contiennent des liens vers des sites web tiers (\u00ab liens externes \u00bb), sur le contenu et la conception desquels KEVROX n&#8217;a aucune influence. L&#8217;op\u00e9rateur du site li\u00e9 est seul responsable du contenu et de l&#8217;exactitude des informations qui y sont fournies.<\/p>\n<p>3.2 Au moment de l&#8217;\u00e9tablissement du lien, KEVROX n&#8217;\u00e9tait pas au courant d&#8217;une violation de la loi. KEVROX n&#8217;a aucune influence sur le contenu actuel et futur des sites web li\u00e9s.<\/p>\n<p>3.3 L&#8217;\u00e9tablissement de liens externes ne signifie pas que KEVROX adopte les contenus de tiers qui peuvent \u00eatre r\u00e9f\u00e9renc\u00e9s sous les liens comme les siens.<\/p>\n<p>3.4 Il n&#8217;est pas raisonnable pour KEVROX de v\u00e9rifier et d&#8217;examiner les liens externes sans preuve concr\u00e8te de violations l\u00e9gales possibles. Cependant, si nous prenons connaissance de violations l\u00e9gales, ces liens externes seront imm\u00e9diatement supprim\u00e9s.<\/p>\n<h2 class=\"section-title\" style=\"text-align: left;\">4. Modifications des r\u00e9glementations sur la protection des donn\u00e9es<\/h2>\n<p>De nouvelles r\u00e8gles de protection des donn\u00e9es s&#8217;appliquent aux futurs contacts avec KEVROX . Les anciennes dispositions de protection des donn\u00e9es continuent de s&#8217;appliquer aux donn\u00e9es d\u00e9j\u00e0 stock\u00e9es, sauf si la loi ne le permet pas.<\/p>\n<h2 class=\"section-title\" style=\"text-align: left;\">5. Que sont les cookies ?<\/h2>\n<p>Les cookies sont de petits fichiers texte qui sont plac\u00e9s sur votre ordinateur par les sites web que vous visitez. Ils sont largement utilis\u00e9s pour faire fonctionner les sites, ou pour les faire fonctionner plus efficacement, ainsi que pour fournir des informations aux propri\u00e9taires des sites.<\/p>\n<h2 class=\"section-title\" style=\"text-align: left;\">6. Comment et pourquoi utilisons-nous des cookies ?<\/h2>\n<p>Nous utilisons des cookies pour am\u00e9liorer l&#8217;utilisation et le fonctionnement de notre site et pour mieux comprendre comment les visiteurs utilisent nos sites et les outils et services propos\u00e9s sur notre site. Le stockage de cookies sur votre ordinateur est un moyen simple et pratique pour nous de personnaliser ou d&#8217;am\u00e9liorer votre navigation sur notre site et de rendre votre prochaine visite plus agr\u00e9able. Nous n&#8217;utilisons pas de cookies pour collecter des informations personnelles telles que votre nom.<\/p>\n<h2 class=\"section-title\" style=\"text-align: left;\">7. Quels types de cookies sont utilis\u00e9s ?<\/h2>\n<p>Lorsque vous visitez ce site web, les types de cookies suivants sont utilis\u00e9s.<br \/>7.1 Cookies n\u00e9cessaires<br \/>Ce sont des cookies qui sont strictement n\u00e9cessaires au fonctionnement d&#8217;un site web. Sans ces cookies, un site ne fonctionnerait pas correctement.<\/p>\n<p>7.2 Cookies fonctionnels<br \/>Ce sont des cookies qui sont utilis\u00e9s pour am\u00e9liorer le fonctionnement du site web. Par exemple, les cookies qui se souviennent du contenu que vous avez pr\u00e9c\u00e9demment consult\u00e9 sur ce site ou de l&#8217;adresse e-mail et du mot de passe que vous avez fournis pour vous inscrire lors d&#8217;une visite pr\u00e9c\u00e9dente sur ce site. L&#8217;utilisation de cookies fonctionnels peut donc nous permettre de fournir un contenu personnalis\u00e9 en fonction de vos int\u00e9r\u00eats et vous \u00e9viter de perdre du temps \u00e0 vous r\u00e9inscrire ou \u00e0 ressaisir des informations lorsque vous revenez sur ce site web ou que vous essayez d&#8217;acc\u00e9der \u00e0 certaines sections r\u00e9serv\u00e9es aux abonn\u00e9s ou clients de KEVROX. Nous utilisons \u00e9galement des cookies \u00e0 des fins d&#8217;analyse du site web.<\/p>\n<p>7.3 Cookies de performance<br \/>Ces cookies nous aident \u00e0 comprendre comment les visiteurs interagissent avec nos sites web en fournissant des informations sur les pages visit\u00e9es, le temps pass\u00e9 sur le site web et les probl\u00e8mes rencontr\u00e9s, tels que les messages d&#8217;erreur. Cela nous aide \u00e0 am\u00e9liorer les performances de nos sites web.<\/p>\n<p>7.4 Cookies de domaine (First-Party-Cookies)<br \/>Ce sont des cookies qui sont d\u00e9finis par ce site web et ne peuvent \u00eatre lus que par ce site web.<\/p>\n<p>7.5 Cookies tiers (Third-Party-Cookies)<br \/>Ce sont des cookies qui sont d\u00e9finis par des tiers que nous utilisons pour divers services (par exemple, \u00e0 des fins d&#8217;analyse du site web).<\/p>\n<h2 class=\"section-title\" style=\"text-align: left;\">8. Cookie requis:<\/h2>\n<p>8.1 ID de session<br \/>Le site web de KEVROX\u00a0 utilise des cookies sp\u00e9cifiques, qui sont essentiels \u00e0 son bon fonctionnement. L&#8217;un d&#8217;eux est un cookie utilis\u00e9 pour cr\u00e9er un ID de session pour l&#8217;utilisateur, afin que le syst\u00e8me lui-m\u00eame puisse identifier l&#8217;utilisateur comme un utilisateur unique et individuel, distinct de tout autre visiteur du site web. Cette information n&#8217;est pas utilis\u00e9e ou stock\u00e9e en dehors des syst\u00e8mes de KEVROX, et elle n&#8217;est stock\u00e9e que temporairement, pendant que l&#8217;utilisateur acc\u00e8de \u00e0 ses pages de compte et \u00e0 d&#8217;autres pages n\u00e9cessitant un acc\u00e8s unique et ainsi de suite. Sans ce cookie, cet acc\u00e8s ne serait pas s\u00e9curis\u00e9, il est donc tr\u00e8s important.<\/p>\n<h2 class=\"section-title\" style=\"text-align: left;\">9. Cookies fonctionnels<\/h2>\n<p>9.1 Langue\u2028Utilis\u00e9 pour personnaliser la langue par d\u00e9faut du site. La d\u00e9sactivation de ce cookie pourrait causer des inconv\u00e9nients aux utilisateurs, car ils devraient ressaisir leurs pr\u00e9f\u00e9rences linguistiques.<\/p>\n<p>9.2 Connexion\u2028Utilis\u00e9 pour offrir aux clients de KEVROX l&#8217;option de se souvenir de leurs donn\u00e9es d&#8217;identification afin d&#8217;\u00e9viter d&#8217;avoir \u00e0 ressaisir leur identifiant et leur mot de passe \u00e0 chaque fois qu&#8217;ils acc\u00e8dent \u00e0 la section \u00ab Espace abonn\u00e9s \u00bb.<\/p>\n<h2 class=\"section-title\" style=\"text-align: left;\">10. Cookies tiers<\/h2>\n<p>10.1 Google Analytics\u2028Google Analytics utilise des cookies pour fournir des informations sur ce que les utilisateurs font lorsqu&#8217;ils visitent notre site. Les cookies n&#8217;identifient pas les individus, ils sont d\u00e9finis par la combinaison d&#8217;un ordinateur, d&#8217;un compte utilisateur et d&#8217;un navigateur. Cependant, les cookies de Google Analytics ne collectent pas de donn\u00e9es personnelles sur les visiteurs du site web. Pour plus d&#8217;informations sur Google Analytics, veuillez cliquer ici.<\/p>\n<h2 class=\"section-title\" style=\"text-align: left;\">11. Comment puis-je contr\u00f4ler mes param\u00e8tres de cookies ?<\/h2>\n<p>La plupart des navigateurs sont initialement configur\u00e9s pour accepter automatiquement les cookies. Vous pouvez modifier les param\u00e8tres pour bloquer les cookies ou \u00eatre alert\u00e9 lorsque des cookies sont envoy\u00e9s \u00e0 votre appareil. Il existe diverses mani\u00e8res de g\u00e9rer les cookies. Veuillez suivre les instructions ci-dessous pour g\u00e9rer vos cookies \u00e0 l&#8217;aide de votre navigateur. Dans ce cas, vous pourriez ne pas \u00eatre en mesure de vous inscrire sur notre site web ou d&#8217;utiliser d&#8217;autres fonctionnalit\u00e9s n\u00e9cessitant une inscription ou la collecte d&#8217;informations.<\/p>\n<p>11.1 Internet Explorer<br \/>Cliquez sur l&#8217;ic\u00f4ne \u00ab Outils \u00bb, puis s\u00e9lectionnez \u00ab Options Internet \u00bb. Choisissez l&#8217;onglet \u00ab Confidentialit\u00e9 \u00bb puis d\u00e9placez le curseur pour choisir vos param\u00e8tres. Pour des param\u00e8tres de confidentialit\u00e9 plus d\u00e9taill\u00e9s, cliquez sur \u00ab Param\u00e8tres avanc\u00e9s \u00bb.<\/p>\n<p>11.2 Safari<br \/>Choisissez \u00ab Pr\u00e9f\u00e9rences \u00bb dans le menu Safari, puis s\u00e9lectionnez \u00ab S\u00e9curit\u00e9 \u00bb. Vous pourrez alors s\u00e9lectionner vos param\u00e8tres de cookies.<\/p>\n<p>11.3 Mozilla Firefox<br \/>Cliquez sur \u00ab Menu \u00bb, \u00ab Options \u00bb, \u00ab Confidentialit\u00e9 \u00bb, puis \u00ab Cookies \u00bb. Vous pourrez alors choisir vos param\u00e8tres.<\/p>\n<p>11.4 Google Chrome<br \/>Cliquez sur le menu \u00ab Outils \u00bb, puis s\u00e9lectionnez \u00ab Options \u00bb. Choisissez l&#8217;onglet \u00ab Options avanc\u00e9es \u00bb puis la section \u00ab Confidentialit\u00e9 \u00bb. S\u00e9lectionnez l&#8217;onglet \u00ab Param\u00e8tres de contenu \u00bb puis choisissez vos param\u00e8tres.<\/p>\n<h2 class=\"section-title\" style=\"text-align: left;\">12. Mise \u00e0 jour des informations l\u00e9gales<\/h2>\n<p>Nous nous r\u00e9servons le droit d&#8217;apporter des modifications et des corrections \u00e0 ces dispositions. Veuillez v\u00e9rifier cette page r\u00e9guli\u00e8rement pour les modifications et les nouvelles informations.<\/p>\n<p>&nbsp;<\/p>\n<p>&nbsp;<\/p>\n<p>[\/et_pb_text][\/et_pb_column][\/et_pb_row][\/et_pb_section]<\/p>\n","protected":false},"excerpt":{"rendered":"<p>&nbsp; 1. Utilisation des cookies Veuillez consulter notre d\u00e9claration sur les cookies pour savoir comment ajuster vos param\u00e8tres de cookies et pour des informations d\u00e9taill\u00e9es sur les cookies que nous utilisons et ce que nous en faisons. 2. Consents 2.1 Vous trouverez \u00e0 la section 2.2 le texte exact de votre consentement \u00e0 la protection [&hellip;]<\/p>\n","protected":false},"author":2,"featured_media":0,"parent":0,"menu_order":0,"comment_status":"closed","ping_status":"closed","template":"","meta":{"_et_pb_use_builder":"on","_et_pb_old_content":"<!-- wp:heading --><h2>Who we are<\/h2><!-- \/wp:heading --><!-- wp:paragraph --><p><strong class=\"privacy-policy-tutorial\">Suggested text: <\/strong>Our website address is: https:\/\/kevrox.com.<\/p><!-- \/wp:paragraph --><!-- wp:heading --><h2>Comments<\/h2><!-- \/wp:heading --><!-- wp:paragraph --><p><strong class=\"privacy-policy-tutorial\">Suggested text: <\/strong>When visitors leave comments on the site we collect the data shown in the comments form, and also the visitor&#8217;s IP address and browser user agent string to help spam detection.<\/p><!-- \/wp:paragraph --><!-- wp:paragraph --><p>An anonymized string created from your email address (also called a hash) may be provided to the Gravatar service to see if you are using it. The Gravatar service privacy policy is available here: https:\/\/automattic.com\/privacy\/. After approval of your comment, your profile picture is visible to the public in the context of your comment.<\/p><!-- \/wp:paragraph --><!-- wp:heading --><h2>Media<\/h2><!-- \/wp:heading --><!-- wp:paragraph --><p><strong class=\"privacy-policy-tutorial\">Suggested text: <\/strong>If you upload images to the website, you should avoid uploading images with embedded location data (EXIF GPS) included. Visitors to the website can download and extract any location data from images on the website.<\/p><!-- \/wp:paragraph --><!-- wp:heading --><h2>Cookies<\/h2><!-- \/wp:heading --><!-- wp:paragraph --><p><strong class=\"privacy-policy-tutorial\">Suggested text: <\/strong>If you leave a comment on our site you may opt-in to saving your name, email address and website in cookies. These are for your convenience so that you do not have to fill in your details again when you leave another comment. These cookies will last for one year.<\/p><!-- \/wp:paragraph --><!-- wp:paragraph --><p>If you visit our login page, we will set a temporary cookie to determine if your browser accepts cookies. This cookie contains no personal data and is discarded when you close your browser.<\/p><!-- \/wp:paragraph --><!-- wp:paragraph --><p>When you log in, we will also set up several cookies to save your login information and your screen display choices. Login cookies last for two days, and screen options cookies last for a year. If you select &quot;Remember Me&quot;, your login will persist for two weeks. If you log out of your account, the login cookies will be removed.<\/p><!-- \/wp:paragraph --><!-- wp:paragraph --><p>If you edit or publish an article, an additional cookie will be saved in your browser. This cookie includes no personal data and simply indicates the post ID of the article you just edited. It expires after 1 day.<\/p><!-- \/wp:paragraph --><!-- wp:heading --><h2>Embedded content from other websites<\/h2><!-- \/wp:heading --><!-- wp:paragraph --><p><strong class=\"privacy-policy-tutorial\">Suggested text: <\/strong>Articles on this site may include embedded content (e.g. videos, images, articles, etc.). Embedded content from other websites behaves in the exact same way as if the visitor has visited the other website.<\/p><!-- \/wp:paragraph --><!-- wp:paragraph --><p>These websites may collect data about you, use cookies, embed additional third-party tracking, and monitor your interaction with that embedded content, including tracking your interaction with the embedded content if you have an account and are logged in to that website.<\/p><!-- \/wp:paragraph --><!-- wp:heading --><h2>Who we share your data with<\/h2><!-- \/wp:heading --><!-- wp:paragraph --><p><strong class=\"privacy-policy-tutorial\">Suggested text: <\/strong>If you request a password reset, your IP address will be included in the reset email.<\/p><!-- \/wp:paragraph --><!-- wp:heading --><h2>How long we retain your data<\/h2><!-- \/wp:heading --><!-- wp:paragraph --><p><strong class=\"privacy-policy-tutorial\">Suggested text: <\/strong>If you leave a comment, the comment and its metadata are retained indefinitely. This is so we can recognize and approve any follow-up comments automatically instead of holding them in a moderation queue.<\/p><!-- \/wp:paragraph --><!-- wp:paragraph --><p>For users that register on our website (if any), we also store the personal information they provide in their user profile. All users can see, edit, or delete their personal information at any time (except they cannot change their username). Website administrators can also see and edit that information.<\/p><!-- \/wp:paragraph --><!-- wp:heading --><h2>What rights you have over your data<\/h2><!-- \/wp:heading --><!-- wp:paragraph --><p><strong class=\"privacy-policy-tutorial\">Suggested text: <\/strong>If you have an account on this site, or have left comments, you can request to receive an exported file of the personal data we hold about you, including any data you have provided to us. You can also request that we erase any personal data we hold about you. This does not include any data we are obliged to keep for administrative, legal, or security purposes.<\/p><!-- \/wp:paragraph --><!-- wp:heading --><h2>Where your data is sent<\/h2><!-- \/wp:heading --><!-- wp:paragraph --><p><strong class=\"privacy-policy-tutorial\">Suggested text: <\/strong>Visitor comments may be checked through an automated spam detection service.<\/p><!-- \/wp:paragraph -->","_et_gb_content_width":"","om_disable_all_campaigns":false,"_uf_show_specific_survey":0,"_uf_disable_surveys":false,"footnotes":""},"class_list":["post-30690","page","type-page","status-publish","hentry"],"aioseo_notices":[],"_links":{"self":[{"href":"https:\/\/kevrox.com\/en\/wp-json\/wp\/v2\/pages\/30690","targetHints":{"allow":["GET"]}}],"collection":[{"href":"https:\/\/kevrox.com\/en\/wp-json\/wp\/v2\/pages"}],"about":[{"href":"https:\/\/kevrox.com\/en\/wp-json\/wp\/v2\/types\/page"}],"author":[{"embeddable":true,"href":"https:\/\/kevrox.com\/en\/wp-json\/wp\/v2\/users\/2"}],"replies":[{"embeddable":true,"href":"https:\/\/kevrox.com\/en\/wp-json\/wp\/v2\/comments?post=30690"}],"version-history":[{"count":9,"href":"https:\/\/kevrox.com\/en\/wp-json\/wp\/v2\/pages\/30690\/revisions"}],"predecessor-version":[{"id":31120,"href":"https:\/\/kevrox.com\/en\/wp-json\/wp\/v2\/pages\/30690\/revisions\/31120"}],"wp:attachment":[{"href":"https:\/\/kevrox.com\/en\/wp-json\/wp\/v2\/media?parent=30690"}],"curies":[{"name":"wp","href":"https:\/\/api.w.org\/{rel}","templated":true}]}}